{"id":22446,"date":"2023-07-27T15:30:02","date_gmt":"2023-07-27T12:30:02","guid":{"rendered":"https:\/\/supersleeper.ro\/?post_type=product&#038;p=22446"},"modified":"2024-11-28T18:48:21","modified_gmt":"2024-11-28T16:48:21","slug":"supersleeper-metoda-blanda-de-adormire-a-bebelusilor","status":"publish","type":"product","link":"https:\/\/supersleeper.ro\/en\/product\/supersleeper-metoda-blanda-de-adormire-a-bebelusilor\/","title":{"rendered":"Supersleeper &#8211; Metod\u0103 bl\u00e2nd\u0103 de adormire a bebelu\u0219ilor"},"content":{"rendered":"","protected":false},"excerpt":{"rendered":"<p>Dragi parinti, stim cat de important este somnul atat pentru voi, cat si pentru bebelusul vostru. Supersleeper: Metoda blanda de adormire a bebelusilor va ofera solutii simple si eficiente pentru a transforma somnul familiei voastre in ceva odihnitor si reconfortant. Nu trebuie sa va pierdeti in carti nenumarate sau sa incercati metode complicate; aceasta carte va ofera o metoda de sleep training usor de aplicat, descrisa pas cu pas.<\/p>\n<p>Schimbarile in somnul bebelusului vostru pot fi imediate! Veti invata cum sa pregatiti camera pentru un somn linistit, cum sa gestionati etapele de dezvoltare ale somnului, inclusiv schimbarile de la 4 luni si regresiile de somn. In plus, veti descoperi cum alimentatia poate influenta calitatea somnului.<\/p>\n<p>Cu ajutorul rutinei detaliate oferite in carte, veti putea stabili un program zilnic care sa functioneze pentru voi si bebelusul vostru. Somnul bun este la indemana voastra! Faceti-va curaj si incepeti aceasta calatorie spre un somn mai bun pentru intreaga familie!<\/p>","protected":false},"featured_media":22954,"template":"","meta":[],"product_cat":[184],"product_tag":[],"class_list":{"0":"post-22446","1":"product","2":"type-product","3":"status-publish","4":"has-post-thumbnail","6":"product_cat-ebooks","8":"first","9":"instock","10":"sale","11":"downloadable","12":"virtual","13":"purchasable","14":"product-type-simple"},"yoast_head":"<!-- This site is optimized with the Yoast SEO plugin v24.0 - https:\/\/yoast.com\/wordpress\/plugins\/seo\/ -->\n<title>Supersleeper - Metod\u0103 bl\u00e2nd\u0103 de adormire a bebelu\u0219ilor<\/title>\n<meta name=\"description\" content=\"Un ghid cuprinz\u0103tor care doteaz\u0103 p\u0103rin\u021bii cu tehnici transformative de antrenament al somnului. Metode adormire bebelusi, nou nascut.\" \/>\n<meta name=\"robots\" content=\"index, follow, max-snippet:-1, max-image-preview:large, max-video-preview:-1\" \/>\n<link rel=\"canonical\" href=\"https:\/\/supersleeper.ro\/en\/product\/supersleeper-metoda-blanda-de-adormire-a-bebelusilor\/\" \/>\n<meta property=\"og:locale\" content=\"en_US\" \/>\n<meta property=\"og:type\" content=\"article\" \/>\n<meta property=\"og:title\" content=\"Supersleeper - Metod\u0103 bl\u00e2nd\u0103 de adormire a bebelu\u0219ilor\" \/>\n<meta property=\"og:description\" content=\"Un ghid cuprinz\u0103tor care doteaz\u0103 p\u0103rin\u021bii cu tehnici transformative de antrenament al somnului. Metode adormire bebelusi, nou nascut.\" \/>\n<meta property=\"og:url\" content=\"https:\/\/supersleeper.ro\/en\/product\/supersleeper-metoda-blanda-de-adormire-a-bebelusilor\/\" \/>\n<meta property=\"og:site_name\" content=\"Supersleeper\" \/>\n<meta property=\"article:modified_time\" content=\"2024-11-28T16:48:21+00:00\" \/>\n<meta property=\"og:image\" content=\"https:\/\/supersleeper.ro\/wp-content\/uploads\/2024\/11\/Coperta-Supersleeper-RO-Copy.jpg\" \/>\n\t<meta property=\"og:image:width\" content=\"1621\" \/>\n\t<meta property=\"og:image:height\" content=\"2166\" \/>\n\t<meta property=\"og:image:type\" content=\"image\/jpeg\" \/>\n<meta name=\"twitter:card\" content=\"summary_large_image\" \/>\n<meta name=\"twitter:label1\" content=\"Est. reading time\" \/>\n\t<meta name=\"twitter:data1\" content=\"1 minute\" \/>\n<script type=\"application\/ld+json\" class=\"yoast-schema-graph\">{\"@context\":\"https:\/\/schema.org\",\"@graph\":[{\"@type\":\"WebPage\",\"@id\":\"https:\/\/supersleeper.ro\/product\/supersleeper-metoda-blanda-de-adormire-a-bebelusilor\/\",\"url\":\"https:\/\/supersleeper.ro\/product\/supersleeper-metoda-blanda-de-adormire-a-bebelusilor\/\",\"name\":\"Supersleeper - Metod\u0103 bl\u00e2nd\u0103 de adormire a bebelu\u0219ilor\",\"isPartOf\":{\"@id\":\"https:\/\/supersleeper.ro\/#website\"},\"primaryImageOfPage\":{\"@id\":\"https:\/\/supersleeper.ro\/product\/supersleeper-metoda-blanda-de-adormire-a-bebelusilor\/#primaryimage\"},\"image\":{\"@id\":\"https:\/\/supersleeper.ro\/product\/supersleeper-metoda-blanda-de-adormire-a-bebelusilor\/#primaryimage\"},\"thumbnailUrl\":\"https:\/\/supersleeper.ro\/wp-content\/uploads\/2024\/11\/Coperta-Supersleeper-RO-Copy.jpg\",\"datePublished\":\"2023-07-27T12:30:02+00:00\",\"dateModified\":\"2024-11-28T16:48:21+00:00\",\"description\":\"Un ghid cuprinz\u0103tor care doteaz\u0103 p\u0103rin\u021bii cu tehnici transformative de antrenament al somnului. Metode adormire bebelusi, nou nascut.\",\"breadcrumb\":{\"@id\":\"https:\/\/supersleeper.ro\/product\/supersleeper-metoda-blanda-de-adormire-a-bebelusilor\/#breadcrumb\"},\"inLanguage\":\"en-US\",\"potentialAction\":[{\"@type\":\"ReadAction\",\"target\":[\"https:\/\/supersleeper.ro\/product\/supersleeper-metoda-blanda-de-adormire-a-bebelusilor\/\"]}]},{\"@type\":\"ImageObject\",\"inLanguage\":\"en-US\",\"@id\":\"https:\/\/supersleeper.ro\/product\/supersleeper-metoda-blanda-de-adormire-a-bebelusilor\/#primaryimage\",\"url\":\"https:\/\/supersleeper.ro\/wp-content\/uploads\/2024\/11\/Coperta-Supersleeper-RO-Copy.jpg\",\"contentUrl\":\"https:\/\/supersleeper.ro\/wp-content\/uploads\/2024\/11\/Coperta-Supersleeper-RO-Copy.jpg\",\"width\":1621,\"height\":2166},{\"@type\":\"BreadcrumbList\",\"@id\":\"https:\/\/supersleeper.ro\/product\/supersleeper-metoda-blanda-de-adormire-a-bebelusilor\/#breadcrumb\",\"itemListElement\":[{\"@type\":\"ListItem\",\"position\":1,\"name\":\"Prima pagin\u0103\",\"item\":\"https:\/\/supersleeper.ro\/\"},{\"@type\":\"ListItem\",\"position\":2,\"name\":\"Shop\",\"item\":\"https:\/\/supersleeper.ro\/shop\/\"},{\"@type\":\"ListItem\",\"position\":3,\"name\":\"Supersleeper &#8211; Metod\u0103 bl\u00e2nd\u0103 de adormire a bebelu\u0219ilor\"}]},{\"@type\":\"WebSite\",\"@id\":\"https:\/\/supersleeper.ro\/#website\",\"url\":\"https:\/\/supersleeper.ro\/\",\"name\":\"Supersleeper\",\"description\":\"Supersomn\",\"publisher\":{\"@id\":\"https:\/\/supersleeper.ro\/#organization\"},\"potentialAction\":[{\"@type\":\"SearchAction\",\"target\":{\"@type\":\"EntryPoint\",\"urlTemplate\":\"https:\/\/supersleeper.ro\/?s={search_term_string}\"},\"query-input\":{\"@type\":\"PropertyValueSpecification\",\"valueRequired\":true,\"valueName\":\"search_term_string\"}}],\"inLanguage\":\"en-US\"},{\"@type\":\"Organization\",\"@id\":\"https:\/\/supersleeper.ro\/#organization\",\"name\":\"Supersleeper\",\"url\":\"https:\/\/supersleeper.ro\/\",\"logo\":{\"@type\":\"ImageObject\",\"inLanguage\":\"en-US\",\"@id\":\"https:\/\/supersleeper.ro\/#\/schema\/logo\/image\/\",\"url\":\"https:\/\/supersleeper.ro\/wp-content\/uploads\/2023\/02\/supersleeper-logo-online.png\",\"contentUrl\":\"https:\/\/supersleeper.ro\/wp-content\/uploads\/2023\/02\/supersleeper-logo-online.png\",\"width\":500,\"height\":113,\"caption\":\"Supersleeper\"},\"image\":{\"@id\":\"https:\/\/supersleeper.ro\/#\/schema\/logo\/image\/\"},\"sameAs\":[\"https:\/\/www.instagram.com\/supersleeper.ro\/\"]}]}<\/script>\n<!-- \/ Yoast SEO plugin. -->","yoast_head_json":{"title":"Supersleeper - Metod\u0103 bl\u00e2nd\u0103 de adormire a bebelu\u0219ilor","description":"Un ghid cuprinz\u0103tor care doteaz\u0103 p\u0103rin\u021bii cu tehnici transformative de antrenament al somnului. Metode adormire bebelusi, nou nascut.","robots":{"index":"index","follow":"follow","max-snippet":"max-snippet:-1","max-image-preview":"max-image-preview:large","max-video-preview":"max-video-preview:-1"},"canonical":"https:\/\/supersleeper.ro\/en\/product\/supersleeper-metoda-blanda-de-adormire-a-bebelusilor\/","og_locale":"en_US","og_type":"article","og_title":"Supersleeper - Metod\u0103 bl\u00e2nd\u0103 de adormire a bebelu\u0219ilor","og_description":"Un ghid cuprinz\u0103tor care doteaz\u0103 p\u0103rin\u021bii cu tehnici transformative de antrenament al somnului. Metode adormire bebelusi, nou nascut.","og_url":"https:\/\/supersleeper.ro\/en\/product\/supersleeper-metoda-blanda-de-adormire-a-bebelusilor\/","og_site_name":"Supersleeper","article_modified_time":"2024-11-28T16:48:21+00:00","og_image":[{"width":1621,"height":2166,"url":"https:\/\/supersleeper.ro\/wp-content\/uploads\/2024\/11\/Coperta-Supersleeper-RO-Copy.jpg","type":"image\/jpeg"}],"twitter_card":"summary_large_image","twitter_misc":{"Est. reading time":"1 minute"},"schema":{"@context":"https:\/\/schema.org","@graph":[{"@type":"WebPage","@id":"https:\/\/supersleeper.ro\/product\/supersleeper-metoda-blanda-de-adormire-a-bebelusilor\/","url":"https:\/\/supersleeper.ro\/product\/supersleeper-metoda-blanda-de-adormire-a-bebelusilor\/","name":"Supersleeper - Metod\u0103 bl\u00e2nd\u0103 de adormire a bebelu\u0219ilor","isPartOf":{"@id":"https:\/\/supersleeper.ro\/#website"},"primaryImageOfPage":{"@id":"https:\/\/supersleeper.ro\/product\/supersleeper-metoda-blanda-de-adormire-a-bebelusilor\/#primaryimage"},"image":{"@id":"https:\/\/supersleeper.ro\/product\/supersleeper-metoda-blanda-de-adormire-a-bebelusilor\/#primaryimage"},"thumbnailUrl":"https:\/\/supersleeper.ro\/wp-content\/uploads\/2024\/11\/Coperta-Supersleeper-RO-Copy.jpg","datePublished":"2023-07-27T12:30:02+00:00","dateModified":"2024-11-28T16:48:21+00:00","description":"Un ghid cuprinz\u0103tor care doteaz\u0103 p\u0103rin\u021bii cu tehnici transformative de antrenament al somnului. Metode adormire bebelusi, nou nascut.","breadcrumb":{"@id":"https:\/\/supersleeper.ro\/product\/supersleeper-metoda-blanda-de-adormire-a-bebelusilor\/#breadcrumb"},"inLanguage":"en-US","potentialAction":[{"@type":"ReadAction","target":["https:\/\/supersleeper.ro\/product\/supersleeper-metoda-blanda-de-adormire-a-bebelusilor\/"]}]},{"@type":"ImageObject","inLanguage":"en-US","@id":"https:\/\/supersleeper.ro\/product\/supersleeper-metoda-blanda-de-adormire-a-bebelusilor\/#primaryimage","url":"https:\/\/supersleeper.ro\/wp-content\/uploads\/2024\/11\/Coperta-Supersleeper-RO-Copy.jpg","contentUrl":"https:\/\/supersleeper.ro\/wp-content\/uploads\/2024\/11\/Coperta-Supersleeper-RO-Copy.jpg","width":1621,"height":2166},{"@type":"BreadcrumbList","@id":"https:\/\/supersleeper.ro\/product\/supersleeper-metoda-blanda-de-adormire-a-bebelusilor\/#breadcrumb","itemListElement":[{"@type":"ListItem","position":1,"name":"Prima pagin\u0103","item":"https:\/\/supersleeper.ro\/"},{"@type":"ListItem","position":2,"name":"Shop","item":"https:\/\/supersleeper.ro\/shop\/"},{"@type":"ListItem","position":3,"name":"Supersleeper &#8211; Metod\u0103 bl\u00e2nd\u0103 de adormire a bebelu\u0219ilor"}]},{"@type":"WebSite","@id":"https:\/\/supersleeper.ro\/#website","url":"https:\/\/supersleeper.ro\/","name":"Supersleeper","description":"Supersomn","publisher":{"@id":"https:\/\/supersleeper.ro\/#organization"},"potentialAction":[{"@type":"SearchAction","target":{"@type":"EntryPoint","urlTemplate":"https:\/\/supersleeper.ro\/?s={search_term_string}"},"query-input":{"@type":"PropertyValueSpecification","valueRequired":true,"valueName":"search_term_string"}}],"inLanguage":"en-US"},{"@type":"Organization","@id":"https:\/\/supersleeper.ro\/#organization","name":"Supersleeper","url":"https:\/\/supersleeper.ro\/","logo":{"@type":"ImageObject","inLanguage":"en-US","@id":"https:\/\/supersleeper.ro\/#\/schema\/logo\/image\/","url":"https:\/\/supersleeper.ro\/wp-content\/uploads\/2023\/02\/supersleeper-logo-online.png","contentUrl":"https:\/\/supersleeper.ro\/wp-content\/uploads\/2023\/02\/supersleeper-logo-online.png","width":500,"height":113,"caption":"Supersleeper"},"image":{"@id":"https:\/\/supersleeper.ro\/#\/schema\/logo\/image\/"},"sameAs":["https:\/\/www.instagram.com\/supersleeper.ro\/"]}]}},"_links":{"self":[{"href":"https:\/\/supersleeper.ro\/en\/wp-json\/wp\/v2\/product\/22446","targetHints":{"allow":["GET"]}}],"collection":[{"href":"https:\/\/supersleeper.ro\/en\/wp-json\/wp\/v2\/product"}],"about":[{"href":"https:\/\/supersleeper.ro\/en\/wp-json\/wp\/v2\/types\/product"}],"wp:featuredmedia":[{"embeddable":true,"href":"https:\/\/supersleeper.ro\/en\/wp-json\/wp\/v2\/media\/22954"}],"wp:attachment":[{"href":"https:\/\/supersleeper.ro\/en\/wp-json\/wp\/v2\/media?parent=22446"}],"wp:term":[{"taxonomy":"product_cat","embeddable":true,"href":"https:\/\/supersleeper.ro\/en\/wp-json\/wp\/v2\/product_cat?post=22446"},{"taxonomy":"product_tag","embeddable":true,"href":"https:\/\/supersleeper.ro\/en\/wp-json\/wp\/v2\/product_tag?post=22446"}],"curies":[{"name":"wp","href":"https:\/\/api.w.org\/{rel}","templated":true}]}}