{"id":22440,"date":"2023-07-27T15:16:36","date_gmt":"2023-07-27T12:16:36","guid":{"rendered":"https:\/\/supersleeper.ro\/?post_type=product&#038;p=22440"},"modified":"2024-11-28T15:19:56","modified_gmt":"2024-11-28T13:19:56","slug":"pachet-2-e-bookuri-supersleeper-superfoods-for-baby-sleep","status":"publish","type":"product","link":"https:\/\/supersleeper.ro\/en\/product\/pachet-2-e-bookuri-supersleeper-superfoods-for-baby-sleep\/","title":{"rendered":"Pachet 2 E-bookuri: Supersleeper &#038; Superfoods for baby sleep"},"content":{"rendered":"","protected":false},"excerpt":{"rendered":"<p>V\u0103 prezent\u0103m Superfoods for Supersleepers, cartea care combin\u0103 informa\u021biile din Supersleeper \u0219i Superfoods for Baby Sleep \u00eentr-un singur ghid esen\u021bial. Aceast\u0103 carte ofer\u0103 solu\u021bii complete pentru a asigura un somn odihnitor \u0219i o alimenta\u021bie s\u0103n\u0103toas\u0103 pentru bebelu\u0219ii vo\u0219tri.<\/p>\n<p>Cartea include metode simple \u0219i eficiente de antrenament al somnului, astfel \u00eenc\u00e2t bebelu\u0219ul s\u0103 poat\u0103 dormi mai bine, dar \u0219i peste 150 de re\u021bete delicioase cu super-alimente care sprijin\u0103 un somn lini\u0219tit. Ve\u021bi g\u0103si informa\u021bii despre cum s\u0103 preg\u0103ti\u021bi camera bebelu\u0219ului, despre schimb\u0103rile care apar \u00een somnul acestuia, cum s\u0103 introduce\u021bi alimentele solide \u0219i rutine detaliate pentru mesele zilnice.<\/p>\n<p>Aceast\u0103 carte este aliatul perfect \u00een c\u0103l\u0103toria voastr\u0103 c\u0103tre o familie mai odihnit\u0103 \u0219i fericit\u0103!<\/p>","protected":false},"featured_media":22956,"template":"","meta":[],"product_cat":[184],"product_tag":[],"class_list":{"0":"post-22440","1":"product","2":"type-product","3":"status-publish","4":"has-post-thumbnail","6":"product_cat-ebooks","8":"first","9":"instock","10":"sale","11":"downloadable","12":"virtual","13":"purchasable","14":"product-type-simple"},"yoast_head":"<!-- This site is optimized with the Yoast SEO plugin v24.0 - https:\/\/yoast.com\/wordpress\/plugins\/seo\/ -->\n<title>Pachet 2 E-bookuri: Supersleeper &amp; Superfoods for baby sleep - Supersleeper<\/title>\n<meta name=\"description\" content=\"Diversificarea - ghid pe s\u0103pt\u0103m\u00e2ni - o abordare echilibrat\u0103 - piureuri \u0219i buc\u0103\u021bi 150 de re\u021bete pentru copii \u00eentre 6 luni \u0219i 3 ani.\" \/>\n<meta name=\"robots\" content=\"index, follow, max-snippet:-1, max-image-preview:large, max-video-preview:-1\" \/>\n<link rel=\"canonical\" href=\"https:\/\/supersleeper.ro\/en\/product\/pachet-2-e-bookuri-supersleeper-superfoods-for-baby-sleep\/\" \/>\n<meta property=\"og:locale\" content=\"en_US\" \/>\n<meta property=\"og:type\" content=\"article\" \/>\n<meta property=\"og:title\" content=\"Pachet 2 E-bookuri: Supersleeper &amp; Superfoods for baby sleep - Supersleeper\" \/>\n<meta property=\"og:description\" content=\"Diversificarea - ghid pe s\u0103pt\u0103m\u00e2ni - o abordare echilibrat\u0103 - piureuri \u0219i buc\u0103\u021bi 150 de re\u021bete pentru copii \u00eentre 6 luni \u0219i 3 ani.\" \/>\n<meta property=\"og:url\" content=\"https:\/\/supersleeper.ro\/en\/product\/pachet-2-e-bookuri-supersleeper-superfoods-for-baby-sleep\/\" \/>\n<meta property=\"og:site_name\" content=\"Supersleeper\" \/>\n<meta property=\"article:modified_time\" content=\"2024-11-28T13:19:56+00:00\" \/>\n<meta property=\"og:image\" content=\"https:\/\/supersleeper.ro\/wp-content\/uploads\/2024\/11\/Coperta-Bundle-RO_F-Copy.jpg\" \/>\n\t<meta property=\"og:image:width\" content=\"1621\" \/>\n\t<meta property=\"og:image:height\" content=\"2166\" \/>\n\t<meta property=\"og:image:type\" content=\"image\/jpeg\" \/>\n<meta name=\"twitter:card\" content=\"summary_large_image\" \/>\n<meta name=\"twitter:label1\" content=\"Est. reading time\" \/>\n\t<meta name=\"twitter:data1\" content=\"1 minute\" \/>\n<script type=\"application\/ld+json\" class=\"yoast-schema-graph\">{\"@context\":\"https:\/\/schema.org\",\"@graph\":[{\"@type\":\"WebPage\",\"@id\":\"https:\/\/supersleeper.ro\/product\/pachet-2-e-bookuri-supersleeper-superfoods-for-baby-sleep\/\",\"url\":\"https:\/\/supersleeper.ro\/product\/pachet-2-e-bookuri-supersleeper-superfoods-for-baby-sleep\/\",\"name\":\"Pachet 2 E-bookuri: Supersleeper & Superfoods for baby sleep - Supersleeper\",\"isPartOf\":{\"@id\":\"https:\/\/supersleeper.ro\/#website\"},\"primaryImageOfPage\":{\"@id\":\"https:\/\/supersleeper.ro\/product\/pachet-2-e-bookuri-supersleeper-superfoods-for-baby-sleep\/#primaryimage\"},\"image\":{\"@id\":\"https:\/\/supersleeper.ro\/product\/pachet-2-e-bookuri-supersleeper-superfoods-for-baby-sleep\/#primaryimage\"},\"thumbnailUrl\":\"https:\/\/supersleeper.ro\/wp-content\/uploads\/2024\/11\/Coperta-Bundle-RO_F-Copy.jpg\",\"datePublished\":\"2023-07-27T12:16:36+00:00\",\"dateModified\":\"2024-11-28T13:19:56+00:00\",\"description\":\"Diversificarea - ghid pe s\u0103pt\u0103m\u00e2ni - o abordare echilibrat\u0103 - piureuri \u0219i buc\u0103\u021bi 150 de re\u021bete pentru copii \u00eentre 6 luni \u0219i 3 ani.\",\"breadcrumb\":{\"@id\":\"https:\/\/supersleeper.ro\/product\/pachet-2-e-bookuri-supersleeper-superfoods-for-baby-sleep\/#breadcrumb\"},\"inLanguage\":\"en-US\",\"potentialAction\":[{\"@type\":\"ReadAction\",\"target\":[\"https:\/\/supersleeper.ro\/product\/pachet-2-e-bookuri-supersleeper-superfoods-for-baby-sleep\/\"]}]},{\"@type\":\"ImageObject\",\"inLanguage\":\"en-US\",\"@id\":\"https:\/\/supersleeper.ro\/product\/pachet-2-e-bookuri-supersleeper-superfoods-for-baby-sleep\/#primaryimage\",\"url\":\"https:\/\/supersleeper.ro\/wp-content\/uploads\/2024\/11\/Coperta-Bundle-RO_F-Copy.jpg\",\"contentUrl\":\"https:\/\/supersleeper.ro\/wp-content\/uploads\/2024\/11\/Coperta-Bundle-RO_F-Copy.jpg\",\"width\":1621,\"height\":2166},{\"@type\":\"BreadcrumbList\",\"@id\":\"https:\/\/supersleeper.ro\/product\/pachet-2-e-bookuri-supersleeper-superfoods-for-baby-sleep\/#breadcrumb\",\"itemListElement\":[{\"@type\":\"ListItem\",\"position\":1,\"name\":\"Prima pagin\u0103\",\"item\":\"https:\/\/supersleeper.ro\/\"},{\"@type\":\"ListItem\",\"position\":2,\"name\":\"Shop\",\"item\":\"https:\/\/supersleeper.ro\/shop\/\"},{\"@type\":\"ListItem\",\"position\":3,\"name\":\"Pachet 2 E-bookuri: Supersleeper &#038; Superfoods for baby sleep\"}]},{\"@type\":\"WebSite\",\"@id\":\"https:\/\/supersleeper.ro\/#website\",\"url\":\"https:\/\/supersleeper.ro\/\",\"name\":\"Supersleeper\",\"description\":\"Supersomn\",\"publisher\":{\"@id\":\"https:\/\/supersleeper.ro\/#organization\"},\"potentialAction\":[{\"@type\":\"SearchAction\",\"target\":{\"@type\":\"EntryPoint\",\"urlTemplate\":\"https:\/\/supersleeper.ro\/?s={search_term_string}\"},\"query-input\":{\"@type\":\"PropertyValueSpecification\",\"valueRequired\":true,\"valueName\":\"search_term_string\"}}],\"inLanguage\":\"en-US\"},{\"@type\":\"Organization\",\"@id\":\"https:\/\/supersleeper.ro\/#organization\",\"name\":\"Supersleeper\",\"url\":\"https:\/\/supersleeper.ro\/\",\"logo\":{\"@type\":\"ImageObject\",\"inLanguage\":\"en-US\",\"@id\":\"https:\/\/supersleeper.ro\/#\/schema\/logo\/image\/\",\"url\":\"https:\/\/supersleeper.ro\/wp-content\/uploads\/2023\/02\/supersleeper-logo-online.png\",\"contentUrl\":\"https:\/\/supersleeper.ro\/wp-content\/uploads\/2023\/02\/supersleeper-logo-online.png\",\"width\":500,\"height\":113,\"caption\":\"Supersleeper\"},\"image\":{\"@id\":\"https:\/\/supersleeper.ro\/#\/schema\/logo\/image\/\"},\"sameAs\":[\"https:\/\/www.instagram.com\/supersleeper.ro\/\"]}]}<\/script>\n<!-- \/ Yoast SEO plugin. -->","yoast_head_json":{"title":"Pachet 2 E-bookuri: Supersleeper & Superfoods for baby sleep - Supersleeper","description":"Diversificarea - ghid pe s\u0103pt\u0103m\u00e2ni - o abordare echilibrat\u0103 - piureuri \u0219i buc\u0103\u021bi 150 de re\u021bete pentru copii \u00eentre 6 luni \u0219i 3 ani.","robots":{"index":"index","follow":"follow","max-snippet":"max-snippet:-1","max-image-preview":"max-image-preview:large","max-video-preview":"max-video-preview:-1"},"canonical":"https:\/\/supersleeper.ro\/en\/product\/pachet-2-e-bookuri-supersleeper-superfoods-for-baby-sleep\/","og_locale":"en_US","og_type":"article","og_title":"Pachet 2 E-bookuri: Supersleeper & Superfoods for baby sleep - Supersleeper","og_description":"Diversificarea - ghid pe s\u0103pt\u0103m\u00e2ni - o abordare echilibrat\u0103 - piureuri \u0219i buc\u0103\u021bi 150 de re\u021bete pentru copii \u00eentre 6 luni \u0219i 3 ani.","og_url":"https:\/\/supersleeper.ro\/en\/product\/pachet-2-e-bookuri-supersleeper-superfoods-for-baby-sleep\/","og_site_name":"Supersleeper","article_modified_time":"2024-11-28T13:19:56+00:00","og_image":[{"width":1621,"height":2166,"url":"https:\/\/supersleeper.ro\/wp-content\/uploads\/2024\/11\/Coperta-Bundle-RO_F-Copy.jpg","type":"image\/jpeg"}],"twitter_card":"summary_large_image","twitter_misc":{"Est. reading time":"1 minute"},"schema":{"@context":"https:\/\/schema.org","@graph":[{"@type":"WebPage","@id":"https:\/\/supersleeper.ro\/product\/pachet-2-e-bookuri-supersleeper-superfoods-for-baby-sleep\/","url":"https:\/\/supersleeper.ro\/product\/pachet-2-e-bookuri-supersleeper-superfoods-for-baby-sleep\/","name":"Pachet 2 E-bookuri: Supersleeper & Superfoods for baby sleep - Supersleeper","isPartOf":{"@id":"https:\/\/supersleeper.ro\/#website"},"primaryImageOfPage":{"@id":"https:\/\/supersleeper.ro\/product\/pachet-2-e-bookuri-supersleeper-superfoods-for-baby-sleep\/#primaryimage"},"image":{"@id":"https:\/\/supersleeper.ro\/product\/pachet-2-e-bookuri-supersleeper-superfoods-for-baby-sleep\/#primaryimage"},"thumbnailUrl":"https:\/\/supersleeper.ro\/wp-content\/uploads\/2024\/11\/Coperta-Bundle-RO_F-Copy.jpg","datePublished":"2023-07-27T12:16:36+00:00","dateModified":"2024-11-28T13:19:56+00:00","description":"Diversificarea - ghid pe s\u0103pt\u0103m\u00e2ni - o abordare echilibrat\u0103 - piureuri \u0219i buc\u0103\u021bi 150 de re\u021bete pentru copii \u00eentre 6 luni \u0219i 3 ani.","breadcrumb":{"@id":"https:\/\/supersleeper.ro\/product\/pachet-2-e-bookuri-supersleeper-superfoods-for-baby-sleep\/#breadcrumb"},"inLanguage":"en-US","potentialAction":[{"@type":"ReadAction","target":["https:\/\/supersleeper.ro\/product\/pachet-2-e-bookuri-supersleeper-superfoods-for-baby-sleep\/"]}]},{"@type":"ImageObject","inLanguage":"en-US","@id":"https:\/\/supersleeper.ro\/product\/pachet-2-e-bookuri-supersleeper-superfoods-for-baby-sleep\/#primaryimage","url":"https:\/\/supersleeper.ro\/wp-content\/uploads\/2024\/11\/Coperta-Bundle-RO_F-Copy.jpg","contentUrl":"https:\/\/supersleeper.ro\/wp-content\/uploads\/2024\/11\/Coperta-Bundle-RO_F-Copy.jpg","width":1621,"height":2166},{"@type":"BreadcrumbList","@id":"https:\/\/supersleeper.ro\/product\/pachet-2-e-bookuri-supersleeper-superfoods-for-baby-sleep\/#breadcrumb","itemListElement":[{"@type":"ListItem","position":1,"name":"Prima pagin\u0103","item":"https:\/\/supersleeper.ro\/"},{"@type":"ListItem","position":2,"name":"Shop","item":"https:\/\/supersleeper.ro\/shop\/"},{"@type":"ListItem","position":3,"name":"Pachet 2 E-bookuri: Supersleeper &#038; Superfoods for baby sleep"}]},{"@type":"WebSite","@id":"https:\/\/supersleeper.ro\/#website","url":"https:\/\/supersleeper.ro\/","name":"Supersleeper","description":"Supersomn","publisher":{"@id":"https:\/\/supersleeper.ro\/#organization"},"potentialAction":[{"@type":"SearchAction","target":{"@type":"EntryPoint","urlTemplate":"https:\/\/supersleeper.ro\/?s={search_term_string}"},"query-input":{"@type":"PropertyValueSpecification","valueRequired":true,"valueName":"search_term_string"}}],"inLanguage":"en-US"},{"@type":"Organization","@id":"https:\/\/supersleeper.ro\/#organization","name":"Supersleeper","url":"https:\/\/supersleeper.ro\/","logo":{"@type":"ImageObject","inLanguage":"en-US","@id":"https:\/\/supersleeper.ro\/#\/schema\/logo\/image\/","url":"https:\/\/supersleeper.ro\/wp-content\/uploads\/2023\/02\/supersleeper-logo-online.png","contentUrl":"https:\/\/supersleeper.ro\/wp-content\/uploads\/2023\/02\/supersleeper-logo-online.png","width":500,"height":113,"caption":"Supersleeper"},"image":{"@id":"https:\/\/supersleeper.ro\/#\/schema\/logo\/image\/"},"sameAs":["https:\/\/www.instagram.com\/supersleeper.ro\/"]}]}},"_links":{"self":[{"href":"https:\/\/supersleeper.ro\/en\/wp-json\/wp\/v2\/product\/22440","targetHints":{"allow":["GET"]}}],"collection":[{"href":"https:\/\/supersleeper.ro\/en\/wp-json\/wp\/v2\/product"}],"about":[{"href":"https:\/\/supersleeper.ro\/en\/wp-json\/wp\/v2\/types\/product"}],"wp:featuredmedia":[{"embeddable":true,"href":"https:\/\/supersleeper.ro\/en\/wp-json\/wp\/v2\/media\/22956"}],"wp:attachment":[{"href":"https:\/\/supersleeper.ro\/en\/wp-json\/wp\/v2\/media?parent=22440"}],"wp:term":[{"taxonomy":"product_cat","embeddable":true,"href":"https:\/\/supersleeper.ro\/en\/wp-json\/wp\/v2\/product_cat?post=22440"},{"taxonomy":"product_tag","embeddable":true,"href":"https:\/\/supersleeper.ro\/en\/wp-json\/wp\/v2\/product_tag?post=22440"}],"curies":[{"name":"wp","href":"https:\/\/api.w.org\/{rel}","templated":true}]}}